{"id":17,"date":"2025-10-18T03:43:16","date_gmt":"2025-10-18T03:43:16","guid":{"rendered":"https:\/\/omodajaecoonamdinh.com.vn\/?page_id=17"},"modified":"2025-10-19T16:10:17","modified_gmt":"2025-10-19T16:10:17","slug":"gioi-thieu","status":"publish","type":"page","link":"https:\/\/omodajaecoonamdinh.com.vn\/index.php\/gioi-thieu\/","title":{"rendered":"Gi\u1edbi thi\u1ec7u"},"content":{"rendered":"<div class=\"Y3BBE\" data-sfc-cp=\"\" data-hveid=\"CAEQAA\" data-processed=\"true\">Omoda &amp; Jaecoo Nam \u0110\u1ecbnh\u00a0l\u00e0 m\u1ed9t ph\u1ea7n c\u1ee7a h\u1ec7 th\u1ed1ng ph\u00e2n ph\u1ed1i ch\u00ednh th\u1ee9c t\u1ea1i Vi\u1ec7t Nam c\u1ee7a th\u01b0\u01a1ng hi\u1ec7u \u00f4 t\u00f4 Omoda &amp; Jaecoo, m\u1ed9t th\u01b0\u01a1ng hi\u1ec7u cao c\u1ea5p \u0111\u1ebfn t\u1eeb t\u1eadp \u0111o\u00e0n Chery, Trung Qu\u1ed1c. C\u00f4ng ty C\u1ed5 ph\u1ea7n \u00d4 t\u00f4 Geleximco \u0111\u00e3 h\u1ee3p t\u00e1c v\u1edbi Chery \u0111\u1ec3 x\u00e2y d\u1ef1ng nh\u00e0 m\u00e1y t\u1ea1i Th\u00e1i B\u00ecnh v\u00e0 m\u1edf r\u1ed9ng m\u1ea1ng l\u01b0\u1edbi \u0111\u1ea1i l\u00fd tr\u00ean to\u00e0n qu\u1ed1c. H\u1ec7 th\u1ed1ng \u0111\u1ea1i l\u00fd Omoda &amp; Jaecoo, bao g\u1ed3m c\u1ea3 \u1edf Nam \u0110\u1ecbnh, s\u1ebd ch\u1ecbu tr\u00e1ch nhi\u1ec7m kinh doanh, d\u1ecbch v\u1ee5 b\u1ea3o h\u00e0nh v\u00e0 b\u1ea3o tr\u00ec cho kh\u00e1ch h\u00e0ng.<span class=\"uJ19be notranslate\" data-wiz-uids=\"Mtowic_c,Mtowic_d\" data-processed=\"true\"><span class=\"vKEkVd\" data-animation-atomic=\"\" data-processed=\"true\">\u00a0<button class=\"rBl3me\" tabindex=\"0\" data-amic=\"true\" data-icl-uuid=\"f659f7da-c188-41fb-949a-94ecb1e9b730\" aria-label=\"Xem c\u00e1c \u0111\u01b0\u1eddng li\u00ean k\u1ebft c\u00f3 li\u00ean quan\" data-ved=\"2ahUKEwjSyLPt0rCQAxVnk1YBHY_4ALkQye0OegQIARAC\" data-processed=\"true\"><\/button><\/span><\/span><\/div>\n<ul class=\"KsbFXc U6u95\" data-processed=\"true\">\n<li data-hveid=\"CAMQAA\" data-processed=\"true\"><span class=\"T286Pc\" data-sfc-cp=\"\" data-processed=\"true\"><strong class=\"Yjhzub\" data-processed=\"true\">V\u1ec1 th\u01b0\u01a1ng hi\u1ec7u:<\/strong>\u00a0Omoda &amp; Jaecoo l\u00e0 hai th\u01b0\u01a1ng hi\u1ec7u con c\u1ee7a t\u1eadp \u0111o\u00e0n Chery, t\u1eadp trung v\u00e0o ph\u00e2n kh\u00fac xe cao c\u1ea5p, t\u00edch h\u1ee3p c\u00f4ng ngh\u1ec7 hi\u1ec7n \u0111\u1ea1i v\u00e0 thi\u1ebft k\u1ebf th\u1eddi trang.<\/span><\/li>\n<li data-hveid=\"CAMQAQ\" data-processed=\"true\"><span class=\"T286Pc\" data-sfc-cp=\"\" data-processed=\"true\"><strong class=\"Yjhzub\" data-processed=\"true\">V\u1ec1 s\u1ea3n ph\u1ea9m:<\/strong>\u00a0Omoda h\u01b0\u1edbng \u0111\u1ebfn kh\u00e1ch h\u00e0ng tr\u1ebb v\u1edbi phong c\u00e1ch n\u0103ng \u0111\u1ed9ng, trong khi Jaecoo t\u1eadp trung v\u00e0o kh\u00e1ch h\u00e0ng tr\u01b0\u1edfng th\u00e0nh, y\u00eau th\u00edch s\u1ef1 sang tr\u1ecdng, tinh t\u1ebf v\u00e0 kh\u1ea3 n\u0103ng off-road m\u1ea1nh m\u1ebd.<\/span><\/li>\n<li data-hveid=\"CAMQAg\" data-processed=\"true\"><span class=\"T286Pc\" data-sfc-cp=\"\" data-processed=\"true\"><strong class=\"Yjhzub\" data-processed=\"true\">V\u1ec1 ho\u1ea1t \u0111\u1ed9ng t\u1ea1i Vi\u1ec7t Nam:<\/strong>\u00a0T\u1eadp \u0111o\u00e0n Chery h\u1ee3p t\u00e1c v\u1edbi Geleximco \u0111\u1ec3 th\u00e0nh l\u1eadp C\u00f4ng ty C\u1ed5 ph\u1ea7n \u00d4 t\u00f4 Gel-O&amp;J, x\u00e2y d\u1ef1ng nh\u00e0 m\u00e1y t\u1ea1i Th\u00e1i B\u00ecnh v\u00e0 ph\u00e1t tri\u1ec3n h\u1ec7 th\u1ed1ng \u0111\u1ea1i l\u00fd tr\u00ean c\u1ea3 n\u01b0\u1edbc.<\/span><\/li>\n<li data-hveid=\"CAMQAw\" data-processed=\"true\"><span class=\"T286Pc\" data-sfc-cp=\"\" data-processed=\"true\"><strong class=\"Yjhzub\" data-processed=\"true\">V\u1ec1 \u0111\u1ea1i l\u00fd Nam \u0110\u1ecbnh:<\/strong>\u00a0\u0110\u1ea1i l\u00fd Omoda &amp; Jaecoo Nam \u0110\u1ecbnh l\u00e0 m\u1ed9t trong nh\u1eefng chi nh\u00e1nh thu\u1ed9c h\u1ec7 th\u1ed1ng ph\u00e2n ph\u1ed1i n\u00e0y, s\u1eb5n s\u00e0ng ph\u1ee5c v\u1ee5 kh\u00e1ch h\u00e0ng v\u1ec1 kinh doanh v\u00e0 h\u1eadu m\u00e3i.<\/span><span class=\"uJ19be notranslate\" data-wiz-uids=\"Mtowic_1u,Mtowic_1v\" data-processed=\"true\"><span class=\"vKEkVd\" data-animation-atomic=\"\" data-processed=\"true\">\u00a0<\/span><\/span><\/li>\n<\/ul>\n","protected":false},"excerpt":{"rendered":"<p>Omoda &amp; Jaecoo Nam \u0110\u1ecbnh\u00a0l\u00e0 m\u1ed9t ph\u1ea7n c\u1ee7a h\u1ec7 th\u1ed1ng ph\u00e2n ph\u1ed1i ch\u00ednh th\u1ee9c t\u1ea1i Vi\u1ec7t Nam c\u1ee7a th\u01b0\u01a1ng hi\u1ec7u \u00f4 t\u00f4 Omoda &amp; Jaecoo, m\u1ed9t th\u01b0\u01a1ng hi\u1ec7u cao c\u1ea5p \u0111\u1ebfn t\u1eeb t\u1eadp \u0111o\u00e0n Chery, Trung Qu\u1ed1c. C\u00f4ng ty C\u1ed5 ph\u1ea7n \u00d4 t\u00f4 Geleximco \u0111\u00e3 h\u1ee3p t\u00e1c v\u1edbi Chery \u0111\u1ec3 x\u00e2y d\u1ef1ng nh\u00e0 m\u00e1y t\u1ea1i [&#8230;]\n","protected":false},"author":1,"featured_media":0,"parent":0,"menu_order":0,"comment_status":"closed","ping_status":"closed","template":"","meta":{"footnotes":""},"class_list":["post-17","page","type-page","status-publish","hentry"],"_links":{"self":[{"href":"https:\/\/omodajaecoonamdinh.com.vn\/index.php\/wp-json\/wp\/v2\/pages\/17","targetHints":{"allow":["GET"]}}],"collection":[{"href":"https:\/\/omodajaecoonamdinh.com.vn\/index.php\/wp-json\/wp\/v2\/pages"}],"about":[{"href":"https:\/\/omodajaecoonamdinh.com.vn\/index.php\/wp-json\/wp\/v2\/types\/page"}],"author":[{"embeddable":true,"href":"https:\/\/omodajaecoonamdinh.com.vn\/index.php\/wp-json\/wp\/v2\/users\/1"}],"replies":[{"embeddable":true,"href":"https:\/\/omodajaecoonamdinh.com.vn\/index.php\/wp-json\/wp\/v2\/comments?post=17"}],"version-history":[{"count":3,"href":"https:\/\/omodajaecoonamdinh.com.vn\/index.php\/wp-json\/wp\/v2\/pages\/17\/revisions"}],"predecessor-version":[{"id":97,"href":"https:\/\/omodajaecoonamdinh.com.vn\/index.php\/wp-json\/wp\/v2\/pages\/17\/revisions\/97"}],"wp:attachment":[{"href":"https:\/\/omodajaecoonamdinh.com.vn\/index.php\/wp-json\/wp\/v2\/media?parent=17"}],"curies":[{"name":"wp","href":"https:\/\/api.w.org\/{rel}","templated":true}]}}