{"id":18,"date":"2025-10-18T03:40:27","date_gmt":"2025-10-18T03:40:27","guid":{"rendered":"https:\/\/omodajaecoonamdinh.com.vn\/?page_id=18"},"modified":"2026-01-31T10:56:59","modified_gmt":"2026-01-31T10:56:59","slug":"lien-he","status":"publish","type":"page","link":"https:\/\/omodajaecoonamdinh.com.vn\/index.php\/lien-he\/","title":{"rendered":"Li\u00ean h\u1ec7"},"content":{"rendered":"\t<section class=\"section\" id=\"section_340229551\">\n\t\t<div class=\"bg section-bg fill bg-fill  bg-loaded\" >\n\n\t\t\t\n\t\t\t\n\t\t\t\n\n\t\t<\/div><!-- .section-bg -->\n\n\t\t<div class=\"section-content relative\">\n\t\t\t\n<div class=\"row\"  id=\"row-1049350306\">\n<div class=\"col medium-6 small-12 large-6\"  ><div class=\"col-inner\"  >\n<p><i class=\"fa fa-phone\"><\/i> Hotline: 0975672565<\/p>\n<p><i class=\"fa fa-envelope\"><\/i> Email: omodajaecoonamdinh@gmail.com<\/p>\n<p><i class=\"fa fa-globe\"><\/i> Website: www.omodajaecoonamdinh.com.vn<\/p>\n<p><i class=\"fa fa-map-marker\"><\/i> \u0110\u1ecba ch\u1ec9 showroom: L\u00f4 8 Tr\u1ea7n Anh T\u00f4ng, QL.10, ph\u01b0\u1eddng Nam \u0110\u1ecbnh, t\u1ec9nh Ninh B\u00ecnh<\/p>\n<p><iframe loading=\"lazy\" style=\"border: 0;\" src=\"https:\/\/www.google.com\/maps\/embed?pb=!1m18!1m12!1m3!1d3738.573616433636!2d106.1518672850436!3d20.44162035887881!2m3!1f0!2f0!3f0!3m2!1i1024!2i768!4f13.1!3m3!1m2!1s0x3135ddf595becb0f%3A0x7520f7cc691d923f!2zOCBUcuG6p24gQW5oIFTDtG5nLCBM4buZYyBWxrDhu6NuZywgTmFtIMSQ4buLbmgsIFZp4buHdCBOYW0!5e0!3m2!1svi!2s!4v1760862342720!5m2!1svi!2s\" width=\"600\" height=\"150\" allowfullscreen=\"allowfullscreen\"><\/iframe><\/p>\n<\/div><\/div>\n<div class=\"col medium-6 small-12 large-6\"  ><div class=\"col-inner\"  >\n<div class=\"hotline\"><a class=\"hotline-number d-block\" title=\"G\u1ecdi ngay\" href=\"tel:0975672565\"><i class=\"fa fa-phone\"><\/i> 0975672565<\/a><\/br><span class=\"hotline-desc\">H\u00e3y li\u00ean h\u1ec7 ngay \u0111\u1ec3 \u0111\u01b0\u1ee3c mua xe v\u1edbi gi\u00e1 t\u1ed1t nh\u1ea5t!<\/span><\/p>\n<\/div>\n<div class=\"box-price-title\">\n<p class=\"title\">NH\u1eacN B\u00c1O GI\u00c1 XE<\/p>\n<\/div>\n\n<div class=\"wpcf7 no-js\" id=\"wpcf7-f107-o1\" lang=\"vi\" dir=\"ltr\" data-wpcf7-id=\"107\">\n<div class=\"screen-reader-response\"><p role=\"status\" aria-live=\"polite\" aria-atomic=\"true\"><\/p> <ul><\/ul><\/div>\n<form action=\"\/index.php\/wp-json\/wp\/v2\/pages\/18#wpcf7-f107-o1\" method=\"post\" class=\"wpcf7-form init\" aria-label=\"Form li\u00ean h\u1ec7\" novalidate=\"novalidate\" data-status=\"init\">\n<fieldset class=\"hidden-fields-container\"><input type=\"hidden\" name=\"_wpcf7\" value=\"107\" \/><input type=\"hidden\" name=\"_wpcf7_version\" value=\"6.1.3\" \/><input type=\"hidden\" name=\"_wpcf7_locale\" value=\"vi\" \/><input type=\"hidden\" name=\"_wpcf7_unit_tag\" value=\"wpcf7-f107-o1\" \/><input type=\"hidden\" name=\"_wpcf7_container_post\" value=\"0\" \/><input type=\"hidden\" name=\"_wpcf7_posted_data_hash\" value=\"\" \/>\n<\/fieldset>\n<p><span class=\"wpcf7-form-control-wrap\" data-name=\"ten\"><input size=\"40\" maxlength=\"400\" class=\"wpcf7-form-control wpcf7-text wpcf7-validates-as-required\" aria-required=\"true\" aria-invalid=\"false\" placeholder=\"H\u1ecd t\u00ean (*)\" value=\"\" type=\"text\" name=\"ten\" \/><\/span>\n<\/p>\n<p><span class=\"wpcf7-form-control-wrap\" data-name=\"sdt\"><input size=\"40\" maxlength=\"400\" class=\"wpcf7-form-control wpcf7-tel wpcf7-validates-as-required wpcf7-text wpcf7-validates-as-tel\" aria-required=\"true\" aria-invalid=\"false\" placeholder=\"S\u1ed1 \u0111i\u1ec7n tho\u1ea1i(*)\" value=\"\" type=\"tel\" name=\"sdt\" \/><\/span>\n<\/p>\n<p><span class=\"wpcf7-form-control-wrap\" data-name=\"diachi\"><input size=\"40\" maxlength=\"400\" class=\"wpcf7-form-control wpcf7-text\" aria-invalid=\"false\" value=\"Nam \u0110\u1ecbnh\" type=\"text\" name=\"diachi\" \/><\/span>\n<\/p>\n<p><span class=\"wpcf7-form-control-wrap\" data-name=\"dongxe\"><select class=\"wpcf7-form-control wpcf7-select wpcf7-validates-as-required\" aria-required=\"true\" aria-invalid=\"false\" name=\"dongxe\"><option value=\"== D\u00f2ng xe quan t\u00e2m ==\">== D\u00f2ng xe quan t\u00e2m ==<\/option><option value=\"OMODA C5\">OMODA C5<\/option><option value=\"JAECOO J7\">JAECOO J7<\/option><\/select><\/span>\n<\/p>\n<p><span class=\"wpcf7-form-control-wrap\" data-name=\"httt\"><span class=\"wpcf7-form-control wpcf7-checkbox\"><span class=\"wpcf7-list-item first\"><input type=\"checkbox\" name=\"httt[]\" value=\"T\u00ednh tr\u1ea3 g\u00f3p\" \/><span class=\"wpcf7-list-item-label\">T\u00ednh tr\u1ea3 g\u00f3p<\/span><\/span><span class=\"wpcf7-list-item last\"><input type=\"checkbox\" name=\"httt[]\" value=\"T\u00ednh l\u0103n b\u00e1nh\" \/><span class=\"wpcf7-list-item-label\">T\u00ednh l\u0103n b\u00e1nh<\/span><\/span><\/span><\/span>\n<\/p>\n<p><input class=\"wpcf7-form-control wpcf7-submit has-spinner\" type=\"submit\" value=\"NH\u1eacN B\u00c1O GI\u00c1 NGAY\" \/>\n<\/p><div class=\"wpcf7-response-output\" aria-hidden=\"true\"><\/div>\n<\/form>\n<\/div>\n\n<\/div><\/div>\n<\/div>\n\t\t<\/div><!-- .section-content -->\n\n\t\t\n<style scope=\"scope\">\n\n#section_340229551 {\n  padding-top: 30px;\n  padding-bottom: 30px;\n}\n<\/style>\n\t<\/section>\n\t\n","protected":false},"excerpt":{"rendered":"","protected":false},"author":1,"featured_media":0,"parent":0,"menu_order":0,"comment_status":"closed","ping_status":"closed","template":"","meta":{"footnotes":""},"class_list":["post-18","page","type-page","status-publish","hentry"],"_links":{"self":[{"href":"https:\/\/omodajaecoonamdinh.com.vn\/index.php\/wp-json\/wp\/v2\/pages\/18","targetHints":{"allow":["GET"]}}],"collection":[{"href":"https:\/\/omodajaecoonamdinh.com.vn\/index.php\/wp-json\/wp\/v2\/pages"}],"about":[{"href":"https:\/\/omodajaecoonamdinh.com.vn\/index.php\/wp-json\/wp\/v2\/types\/page"}],"author":[{"embeddable":true,"href":"https:\/\/omodajaecoonamdinh.com.vn\/index.php\/wp-json\/wp\/v2\/users\/1"}],"replies":[{"embeddable":true,"href":"https:\/\/omodajaecoonamdinh.com.vn\/index.php\/wp-json\/wp\/v2\/comments?post=18"}],"version-history":[{"count":9,"href":"https:\/\/omodajaecoonamdinh.com.vn\/index.php\/wp-json\/wp\/v2\/pages\/18\/revisions"}],"predecessor-version":[{"id":207,"href":"https:\/\/omodajaecoonamdinh.com.vn\/index.php\/wp-json\/wp\/v2\/pages\/18\/revisions\/207"}],"wp:attachment":[{"href":"https:\/\/omodajaecoonamdinh.com.vn\/index.php\/wp-json\/wp\/v2\/media?parent=18"}],"curies":[{"name":"wp","href":"https:\/\/api.w.org\/{rel}","templated":true}]}}