{"id":20,"date":"2025-10-18T03:40:52","date_gmt":"2025-10-18T03:40:52","guid":{"rendered":"https:\/\/omodajaecoonamdinh.com.vn\/?page_id=20"},"modified":"2025-10-20T09:09:15","modified_gmt":"2025-10-20T09:09:15","slug":"mua-xe-tra-gop","status":"publish","type":"page","link":"https:\/\/omodajaecoonamdinh.com.vn\/index.php\/mua-xe-tra-gop\/","title":{"rendered":"Mua xe tr\u1ea3 g\u00f3p"},"content":{"rendered":"<p><img loading=\"lazy\" decoding=\"async\" class=\"aligncenter size-full wp-image-106\" src=\"https:\/\/kiasaigon.vn\/wp-content\/uploads\/2025\/09\/Giam-50-phi-truoc-ba-Oto1.jpg\" sizes=\"auto, (max-width: 800px) 100vw, 800px\" srcset=\"https:\/\/kiasaigon.vn\/wp-content\/uploads\/2025\/09\/Giam-50-phi-truoc-ba-Oto1.jpg 800w, https:\/\/kiasaigon.vn\/wp-content\/uploads\/2025\/09\/Giam-50-phi-truoc-ba-Oto1-600x449.jpg 600w, https:\/\/kiasaigon.vn\/wp-content\/uploads\/2025\/09\/Giam-50-phi-truoc-ba-Oto1-300x225.jpg 300w, https:\/\/kiasaigon.vn\/wp-content\/uploads\/2025\/09\/Giam-50-phi-truoc-ba-Oto1-768x575.jpg 768w\" alt=\"\" width=\"800\" height=\"599\" \/><\/p>\n<h3><em><strong>G\u1ecdi ngay \u0111\u1ec3 \u0111\u01b0\u1ee3c t\u01b0 v\u1ea5n tr\u1ef1c ti\u1ebfp:<\/strong><\/em><\/h3>\n<p>Th\u1ef1c ch\u1ea5t c\u1ee7a vi\u1ec7c mua xe \u00f4 t\u00f4 tr\u1ea3 g\u00f3p l\u00e0 tr\u1ea3 tr\u01b0\u1edbc m\u1ed9t ph\u1ea7n ti\u1ec1n mua xe, ph\u1ea7n c\u00f2n thi\u1ebfu s\u1ebd vay ng\u00e2n h\u00e0ng, r\u1ed3i h\u00e0ng th\u00e1ng tr\u1ea3 d\u1ea7n cho ng\u00e2n h\u00e0ng c\u1ea3 g\u1ed1c v\u00e0 l\u00e3i theo phu\u01a1ng th\u1ee9c tr\u1eeb l\u00f9i cu\u1ed1n chi\u1ebfu cho \u0111\u1ebfn h\u1ebft kho\u1ea3n n\u1ee3.<\/p>\n<p><strong>Ch\u00fa \u00fd:<\/strong>\u00a0Vi\u1ec7c tr\u1ea3 g\u00f3p c\u00f3 th\u1ec3 k\u1ebft th\u00fac s\u1edbm tr\u01b0\u1edbc h\u1ea1n, trong tr\u01b0\u1eddng h\u1ee3p kh\u00e1ch h\u00e0ng c\u00f3 \u0111i\u1ec1u ki\u1ec7n c\u00f3 th\u1ec3 tr\u1ea3 h\u1ebft ph\u1ea7n ti\u1ec1n c\u00f2n thi\u1ebfu cho ng\u00e2n h\u00e0ng \u0111\u1ec3 t\u1ea5t to\u00e1n kho\u1ea3n vay (nh\u01b0ng s\u1ebd b\u1ecb ph\u1ea1t kho\u1ea3ng 1-3% tr\u00ean s\u1ed1 d\u01b0 n\u1ee3 c\u00f2n l\u1ea1i, ho\u1eb7c trong th\u1eddi gian c\u00f3 g\u00f3i ch\u01b0\u01a1ng tr\u00ecnh \u01b0u \u0111\u00e3i s\u1ebd kh\u00f4ng b\u1ecb ph\u1ea1t).<\/p>\n<p>Ng\u00e0y nay mua xe \u00f4 t\u00f4 tr\u1ea3 g\u00f3p \u0111\u00e3 r\u1ea5t ph\u1ed5 bi\u1ebfn v\u00e0 chi\u1ebfm \u0111\u1ebfn 80% trong c\u00e1c giao d\u1ecbch mua b\u00e1n \u00f4 t\u00f4 hi\u1ec7n nay. V\u1edbi nh\u1eefng \u01b0u \u0111i\u1ec3m n\u1ed5i tr\u1ed9i khi vay mua \u00f4 t\u00f4 tr\u1ea3 g\u00f3p nh\u01b0: l\u00e3i su\u1ea5t th\u1ea5p, k\u1ef3 h\u1ea1n vay cao, c\u00e1c h\u00ecnh th\u1ee9c thanh to\u00e1n \u0111a d\u1ea1ng v\u00e0 linh ho\u1ea1t,\u2026 \u0111\u00e3 khi\u1ebfn vi\u1ec7c mua xe tr\u1ea3 g\u00f3p l\u00e0 \u01b0u ti\u00ean l\u1ef1a ch\u1ecdn c\u1ee7a nhi\u1ec1u kh\u00e1ch h\u00e0ng.<\/p>\n<h2>\u25ba\u00a0L\u1ee3i \u00cdch Khi Mua Xe \u00d4 T\u00f4 Tr\u1ea3 G\u00f3p<\/h2>\n<p>L\u00e3i su\u1ea5t cho vay r\u1ea5t th\u1ea5p (th\u1ea5p h\u01a1n nhi\u1ec1u so v\u1edbi vay v\u1ed1n kinh doanh) kho\u1ea3n ti\u1ec1n nh\u00e0n r\u1ed7i t\u1eeb vay mua xe tr\u1ea3 g\u00f3p b\u1ea1n c\u00f3 th\u1ec3 t\u00e1i \u0111\u1ea7u t\u01b0 cho ho\u1ea1t \u0111\u1ed9ng kinh doanh. B\u00ean c\u1ea1nh \u0111\u00f3, kh\u00e1ch h\u00e0ng c\u00f2n \u0111\u01b0\u1ee3c ph\u00e1t h\u00e0nh th\u1ebb t\u00edn d\u1ee5ng kh\u00f4ng ph\u1ea3i k\u00fd qu\u1ef9 v\u1edbi h\u1ea1n m\u1ee9c ti\u00eau d\u00f9ng t\u1eeb 150 \u0111\u1ebfn 400 tri\u1ec7u \u0111\u1ed3ng\/th\u00e1ng.<\/p>\n<table border=\"0\">\n<tbody>\n<tr>\n<td><\/td>\n<td>\n<h3>L\u00e3i su\u1ea5t th\u1ea5p ch\u1ec9 t\u1eeb 0,58%<\/h3>\n<p>Th\u1ee7 t\u1ee5c \u0111\u01a1n gi\u1ea3n, x\u00e9t duy\u1ec7t nhanh ch\u00f3ng trong 24h. L\u00e3i su\u1ea5t\u00a0h\u1ea5p d\u1eabn\u00a0!!!.<\/td>\n<td><\/td>\n<td>\n<h3>Kho\u1ea3n vay t\u1ed1i \u0111a 90%<\/h3>\n<p>H\u1ed7 tr\u1ee3 vay l\u00ean \u0111\u1ebfn 90% gi\u00e1 tr\u1ecb xe, kh\u00f4ng c\u1ea7n th\u1ebf ch\u1ea5p t\u00e0i s\u1ea3n.<\/td>\n<\/tr>\n<tr>\n<td><\/td>\n<td>\n<h3>K\u1ef3 h\u1ea1n t\u1ed1i \u0111a 9 n\u0103m<\/h3>\n<p>Th\u1eddi gian vay d\u00e0i, \u0111a d\u1ea1ng v\u00e0 linh ho\u1ea1t, c\u00f3 th\u1ec3 thanh to\u00e1n tr\u01b0\u1edbc k\u1ef3 h\u1ea1n.<\/td>\n<td><\/td>\n<td>\n<h3>Mi\u1ec5n ph\u00ed d\u1ecbch v\u1ee5<\/h3>\n<p>Ho\u00e0n to\u00e0n mi\u1ec5n ph\u00ed c\u00e1c th\u1ee7 t\u1ee5c, kh\u00f4ng thu b\u1ea5t k\u1ef3 kho\u1ea3n ph\u00ed d\u1ecbch v\u1ee5 n\u00e0o.<\/td>\n<\/tr>\n<\/tbody>\n<\/table>\n<p>B\u1ea1n ch\u1ec9 c\u1ea7n ph\u1ea3i \u0111\u1ea7u t\u01b0 m\u1ee9c v\u1ed1n ban \u0111\u1ea7u r\u1ea5t th\u1ea5p khi mua xe \u00f4 t\u00f4\u00a0\u0111\u1ec3 c\u00f3 th\u1ec3 s\u1eed d\u1ee5ng n\u00f3 \u0111i l\u1ea1i ho\u1eb7c kinh doanh sinh ra l\u1ee3i nhu\u1eadn trong t\u01b0\u01a1ng lai, m\u00e0 kh\u00f4ng c\u1ea7n th\u1ebf ch\u1ea5p\u00a0b\u1ea5t k\u1ef3 m\u1ed9t t\u00e0i s\u1ea3n\u00a0n\u00e0o. Nh\u1eefng r\u1ee7i ro li\u00ean quan \u0111\u1ebfn chi\u1ebfc xe nh\u01b0 ch\u00e1y n\u1ed5, h\u1ecfa ho\u1ea1n, m\u1ea5t c\u1eafp\u2026\u00a0b\u00ean\u00a0<strong>B\u1ea3o hi\u1ec3m<\/strong>\u00a0v\u00e0\u00a0<strong>Ng\u00e2n h\u00e0ng<\/strong>\u00a0s\u1ebd g\u00e1nh ch\u1ecbu tr\u00e1ch nhi\u1ec7m.<\/p>\n<h3>C\u00f4ng th\u1ee9c t\u00ednh cho s\u1ed1 ti\u1ec1n ph\u1ea3i tr\u1ea3 h\u00e0ng th\u00e1ng khi mua xe tr\u1ea3 g\u00f3p<\/h3>\n<p>Ph\u01b0\u01a1ng th\u1ee9c tr\u1ea3 g\u00f3p khi mua xe \u00f4 t\u00f4 \u0111\u01b0\u1ee3c t\u00ednh tr\u00ean d\u01b0 n\u1ee3 th\u1ef1c t\u1ebf gi\u1ea3m d\u1ea7n:<\/p>\n<table border=\"1\" cellspacing=\"1\" cellpadding=\"1\">\n<tbody>\n<tr>\n<td><strong><em>S\u1ed1 ti\u1ec1n ph\u1ea3i tr\u1ea3 h\u00e0ng th\u00e1ng = s\u1ed1 ti\u1ec1n g\u1ed1c ph\u1ea3i tr\u1ea3 m\u1ed7i th\u00e1ng + (l\u00e3i su\u1ea5t th\u00e1ng x d\u01b0 n\u1ee3 th\u1ef1c t\u1ebf)<\/em><\/strong><\/td>\n<\/tr>\n<\/tbody>\n<\/table>\n<p><strong>Trong \u0111\u00f3:<\/strong><\/p>\n<p>\u2022 S\u1ed1 ti\u1ec1n g\u1ed1c ph\u1ea3i tr\u1ea3 m\u1ed7i th\u00e1ng = kho\u1ea3n vay \u00f7 k\u1ef3 h\u1ea1n vay (t\u00ednh theo th\u00e1ng)<\/p>\n<p>\u2022 L\u00e3i su\u1ea5t th\u00e1ng = l\u00e3i su\u1ea5t ng\u00e2n h\u00e0ng theo n\u0103m \u00f7 12 th\u00e1ng<\/p>\n<p>\u2022 D\u01b0 n\u1ee3 th\u1ef1c t\u1ebf = d\u01b0 n\u1ee3 g\u1ed1c c\u00f2n l\u1ea1i c\u1ee7a kho\u1ea3n vay<\/p>\n<p><img loading=\"lazy\" decoding=\"async\" class=\"size-full wp-image-4842 lazy-load-active aligncenter\" src=\"https:\/\/mercedesbenz.hanoi.vn\/wp-content\/uploads\/2020\/07\/tu-van-vay-mua-xe-oto-tra-gop-1168389j27290.jpg\" sizes=\"auto, (max-width: 1200px) 100vw, 1200px\" srcset=\"https:\/\/mercedesbenz.hanoi.vn\/wp-content\/uploads\/2020\/07\/tu-van-vay-mua-xe-oto-tra-gop-1168389j27290.jpg 1200w, https:\/\/mercedesbenz.hanoi.vn\/wp-content\/uploads\/2020\/07\/tu-van-vay-mua-xe-oto-tra-gop-1168389j27290-600x400.jpg 600w, https:\/\/mercedesbenz.hanoi.vn\/wp-content\/uploads\/2020\/07\/tu-van-vay-mua-xe-oto-tra-gop-1168389j27290-768x512.jpg 768w, https:\/\/mercedesbenz.hanoi.vn\/wp-content\/uploads\/2020\/07\/tu-van-vay-mua-xe-oto-tra-gop-1168389j27290-500x333.jpg 500w\" alt=\"\" width=\"1200\" height=\"800\" data-src=\"https:\/\/mercedesbenz.hanoi.vn\/wp-content\/uploads\/2020\/07\/tu-van-vay-mua-xe-oto-tra-gop-1168389j27290.jpg\" data-srcset=\"https:\/\/mercedesbenz.hanoi.vn\/wp-content\/uploads\/2020\/07\/tu-van-vay-mua-xe-oto-tra-gop-1168389j27290.jpg 1200w, https:\/\/mercedesbenz.hanoi.vn\/wp-content\/uploads\/2020\/07\/tu-van-vay-mua-xe-oto-tra-gop-1168389j27290-600x400.jpg 600w, https:\/\/mercedesbenz.hanoi.vn\/wp-content\/uploads\/2020\/07\/tu-van-vay-mua-xe-oto-tra-gop-1168389j27290-768x512.jpg 768w, https:\/\/mercedesbenz.hanoi.vn\/wp-content\/uploads\/2020\/07\/tu-van-vay-mua-xe-oto-tra-gop-1168389j27290-500x333.jpg 500w\" \/><\/p>\n<h2>\u25ba\u00a0C\u00e1c H\u00ecnh Th\u1ee9c Mua Xe \u00d4 T\u00f4 Tr\u1ea3 G\u00f3p<\/h2>\n<p>C\u00f3 2 h\u00ecnh th\u1ee9c mua xe tr\u1ea3 g\u00f3p: Vay ng\u00e2n h\u00e0ng mua \u00f4 t\u00f4 tr\u1ea3 g\u00f3p v\u00e0 Thu\u00ea mua t\u00e0i ch\u00ednh \u0111\u1ec3 mua xe tr\u1ea3 g\u00f3p.<\/p>\n<h3>1. Vay ng\u00e2n h\u00e0ng mua xe tr\u1ea3 g\u00f3p (l\u1ef1a ch\u1ecdn \u01b0u ti\u00ean)<\/h3>\n<p>\u2022 \u0110\u1ed1i t\u01b0\u1ee3ng \u0111\u01b0\u1ee3c mua tr\u1ea3 g\u00f3p: C\u00f4ng ty c\u1ed5 ph\u1ea7n, c\u00f4ng ty TNHH, doanh nghi\u1ec7p t\u01b0 nh\u00e2n, c\u00e1 nh\u00e2n.<\/p>\n<p>\u2022 C\u1ea7n chu\u1ea9n b\u1ecb \u0111\u1ea7y \u0111\u1ee7 h\u1ed3 s\u01a1 c\u00e1 nh\u00e2n ho\u1eb7c doanh nghi\u1ec7p theo y\u00eau c\u1ea7u c\u1ee7a Ng\u00e2n h\u00e0ng.<\/p>\n<p>\u2022 Th\u1eddi h\u1ea1n tr\u1ea3 g\u00f3p : t\u1ed1i \u0111a 9 n\u0103m.<\/p>\n<p>\u2022 Tr\u1ea3 tr\u01b0\u1edbc t\u1ed1i thi\u1ec3u: 10% gi\u00e1 tr\u1ecb xe, s\u1ed1 ti\u1ec1n c\u00f2n l\u1ea1i s\u1ebd \u0111\u01b0\u1ee3c ng\u00e2n h\u00e0ng h\u1ed7 tr\u1ee3 cho vay v\u1edbi l\u00e3i su\u1ea5t th\u1ea5p.<\/p>\n<p>\u2022 T\u00e0i s\u1ea3n b\u1ea3o \u0111\u1ea3m: ch\u00ednh l\u00e0 chi\u1ebfc xe \u00f4 t\u00f4 m\u1edbi \u0111\u1ecbnh mua. N\u1ebfu kh\u00e1ch h\u00e0ng c\u00f3 th\u00eam t\u00e0i s\u1ea3n b\u1ea3o \u0111\u1ea3m b\u1eb1ng b\u1ea5t \u0111\u1ed9ng s\u1ea3n ho\u1eb7c gi\u1ea5y t\u1edd c\u00f3 gi\u00e1 tr\u1ecb th\u00ec m\u1ee9c cho vay c\u00f3 th\u1ec3 l\u00ean \u0111\u1ebfn 100% gi\u00e1 tr\u1ecb xe.<\/p>\n<p>\u2022 Tr\u01b0\u1eddng h\u1ee3p t\u00e0i s\u1ea3n b\u1ea3o \u0111\u1ea3m ch\u00ednh l\u00e0 chi\u1ebfc xe m\u1edbi \u0111\u1ecbnh mua th\u00ec trong su\u1ed1t th\u1eddi gian mua tr\u1ea3 g\u00f3p ng\u00e2n h\u00e0ng s\u1ebd gi\u1eef gi\u1ea5y \u0111\u0103ng k\u00fd xe v\u00e0 \u00edt nh\u1ea5t kh\u00e1ch h\u00e0ng ph\u1ea3i mua b\u1ea3o hi\u1ec3m th\u00e2n v\u1ecf xe n\u0103m \u0111\u1ea7u ti\u00ean. (<em>kh\u00e1ch h\u00e0ng \u0111\u01b0\u1ee3c c\u1ea5p gi\u1ea5y ch\u1ee9ng nh\u1eadn h\u1ee3p ph\u00e1p \u0111\u1ec3 l\u01b0u h\u00e0nh xe b\u00ecnh th\u01b0\u1eddng<\/em>).<\/p>\n<p>\u2022 H\u00e0ng th\u00e1ng kh\u00e1ch h\u00e0ng tr\u1ea3 m\u1ed9t m\u1ee9c ti\u1ec1n x\u00e1c \u0111\u1ecbnh (bao g\u1ed3m c\u1ea3 g\u1ed1c + l\u00e3i) theo c\u00f4ng th\u1ee9c t\u00ednh tr\u00ean.<\/p>\n<p>\u2022 \u0110\u0103ng k\u00fd xe mang t\u00ean kh\u00e1ch h\u00e0ng.<\/p>\n<h4>2. Thu\u00ea mua t\u00e0i ch\u00ednh \u0111\u1ec3 mua \u00f4 t\u00f4 tr\u1ea3 g\u00f3p (h\u1ea1n ch\u1ebf)<\/h4>\n<p>\u2022 \u0110\u1ed1i t\u01b0\u1ee3ng \u0111\u01b0\u1ee3c thu\u00ea mua: C\u00f4ng ty c\u1ed5 ph\u1ea7n, c\u00f4ng ty TNHH, doanh nghi\u1ec7p t\u01b0 nh\u00e2n, c\u00e1 nh\u00e2n.<\/p>\n<p>\u2022 Th\u1ee7 t\u1ee5c, h\u1ed3 s\u01a1 t\u01b0\u01a1ng \u0111\u1ed1i \u0111\u01a1n gi\u1ea3n v\u00e0 x\u00e9t duy\u1ec7t d\u1ec5 d\u00e0ng.<\/p>\n<p>\u2022 Th\u1eddi h\u1ea1n thu\u00ea mua t\u00e0i ch\u00ednh t\u1ed1i \u0111a: 5 n\u0103m<\/p>\n<p>\u2022 Tr\u1ea3 tr\u01b0\u1edbc t\u1ed1i thi\u1ec3u: 30% gi\u00e1 tr\u1ecb xe, s\u1ed1 ti\u1ec1n c\u00f2n l\u1ea1i s\u1ebd \u0111\u01b0\u1ee3c t\u1ed5 ch\u1ee9c t\u00e0i ch\u00ednh h\u1ed7 tr\u1ee3 cho vay, t\u1ea5t nhi\u00ean l\u00e0 v\u1edbi l\u00e3i su\u1ea5t cao h\u01a1n ng\u00e2n h\u00e0ng.<\/p>\n<p>\u2022 H\u00e0ng th\u00e1ng kh\u00e1ch h\u00e0ng tr\u1ea3 m\u1ed9t m\u1ee9c ti\u1ec1n x\u00e1c \u0111\u1ecbnh (bao g\u1ed3m c\u1ea3 g\u1ed1c + l\u00e3i) theo c\u00f4ng th\u1ee9c t\u00ednh tr\u00ean, l\u00e3i su\u1ea5t s\u1ebd c\u00f3 bi\u00ean \u0111\u1ed9 t\u0103ng gi\u1ea3m th\u1ea5t th\u01b0\u1eddng.<\/p>\n<p>\u2022 \u0110\u0103ng k\u00fd xe s\u1ebd mang t\u00ean c\u00f4ng ty cho thu\u00ea t\u00e0i ch\u00ednh v\u00e0 \u0111\u01b0\u1ee3c chuy\u1ec3n \u0111\u1ed5i th\u00e0nh t\u00ean kh\u00e1ch h\u00e0ng sau khi k\u1ebft th\u00fac h\u1ee3p \u0111\u1ed3ng thu\u00ea mua.<\/p>\n<h2>\u25ba\u00a0Quy Tr\u00ecnh Mua Xe \u00d4 T\u00f4 Tr\u1ea3 G\u00f3p<\/h2>\n<p><img loading=\"lazy\" decoding=\"async\" class=\"aligncenter size-full wp-image-182\" src=\"https:\/\/omodajaecoonamdinh.com.vn\/wp-content\/uploads\/2025\/10\/THU-TUC-MUA-OTO-TRA-GOP-1.png\" alt=\"\" width=\"1917\" height=\"1031\" srcset=\"https:\/\/omodajaecoonamdinh.com.vn\/wp-content\/uploads\/2025\/10\/THU-TUC-MUA-OTO-TRA-GOP-1.png 1917w, https:\/\/omodajaecoonamdinh.com.vn\/wp-content\/uploads\/2025\/10\/THU-TUC-MUA-OTO-TRA-GOP-1-600x323.png 600w, https:\/\/omodajaecoonamdinh.com.vn\/wp-content\/uploads\/2025\/10\/THU-TUC-MUA-OTO-TRA-GOP-1-768x413.png 768w, https:\/\/omodajaecoonamdinh.com.vn\/wp-content\/uploads\/2025\/10\/THU-TUC-MUA-OTO-TRA-GOP-1-1536x826.png 1536w\" sizes=\"auto, (max-width: 1917px) 100vw, 1917px\" \/><\/p>\n<p><em>B\u01b0\u1edbc 1:<\/em>\u00a0Kh\u00e1ch h\u00e0ng chu\u1ea9n b\u1ecb \u0111\u1ea7y \u0111\u1ee7 c\u00e1c h\u1ed3 s\u01a1 theo h\u01b0\u1edbng d\u1eabn c\u1ee7a nh\u00e2n vi\u00ean ng\u00e2n h\u00e0ng ho\u1eb7c nh\u00e2n vi\u00ean b\u00e1n xe.<\/p>\n<p><em>B\u01b0\u1edbc 2:<\/em>\u00a0Kh\u00e1ch h\u00e0ng k\u00fd h\u1ee3p \u0111\u1ed3ng mua b\u00e1n xe v\u1edbi \u0110\u1ea1i l\u00fd v\u00e0 \u0111\u1eb7t c\u1ecdc xe.<\/p>\n<p><em>B\u01b0\u1edbc 3:<\/em>\u00a0Nh\u00e2n vi\u00ean b\u00e1n xe s\u1ebd ti\u1ebfp nh\u1eadn to\u00e0n b\u1ed9 h\u1ed3 s\u01a1 kh\u00e1ch h\u00e0ng v\u00e0 c\u00f3 tr\u00e1ch nhi\u1ec7m h\u1ed7 tr\u1ee3 th\u1ee7 t\u1ee5c vay ng\u00e2n h\u00e0ng mua xe tr\u1ea3 g\u00f3p cho kh\u00e1ch (ho\u1eb7c kh\u00e1ch h\u00e0ng c\u00f3 th\u1ec3 t\u1ef1 t\u00ecm ng\u00e2n h\u00e0ng cho m\u00ecnh, n\u1ebfu mu\u1ed1n).<\/p>\n<p><em>B\u01b0\u1edbc 4:<\/em>\u00a0Nh\u00e2n vi\u00ean ng\u00e2n h\u00e0ng s\u1ebd g\u1eb7p kh\u00e1ch h\u00e0ng \u0111\u1ec3 th\u1ea9m \u0111\u1ecbnh, x\u00e9t duy\u1ec7t h\u1ed3 s\u01a1 mua xe tr\u1ea3 g\u00f3p trong 24h s\u1ebd ra quy\u1ebft \u0111\u1ecbnh cho vay.<\/p>\n<p><em>B\u01b0\u1edbc 5:<\/em>\u00a0Ngay khi nh\u1eadn \u0111\u01b0\u1ee3c gi\u1ea5y b\u1ea3o l\u00e3nh c\u1ee7a ng\u00e2n h\u00e0ng, kh\u00e1ch h\u00e0ng ti\u1ebfn h\u00e0nh \u0111\u00f3ng ti\u1ec1n \u0111\u1ed1i \u1ee9ng xe c\u00f2n thi\u1ebfu cho \u0110\u1ea1i l\u00fd v\u00e0 chu\u1ea9n b\u1ecb c\u00e1c chi ph\u00ed l\u00e0m th\u1ee7 t\u1ee5c \u0111\u0103ng k\u00fd xe, mua b\u1ea3o hi\u1ec3m v\u1eadt ch\u1ea5t.<\/p>\n<p><em>B\u01b0\u1edbc 6:<\/em>\u00a0Khi \u0111\u0103ng k\u00fd xe xong c\u00f3 bi\u1ec3n s\u1ed1 v\u00e0 \u0111\u0103ng k\u00fd g\u1ed1c, kh\u00e1ch h\u00e0ng l\u00ean Ng\u00e2n h\u00e0ng k\u00fd h\u1ee3p \u0111\u1ed3ng t\u00edn d\u1ee5ng cho vay v\u00e0 x\u00e1c nh\u1eadn n\u1ee3.<\/p>\n<p><em>B\u01b0\u1edbc 7:<\/em>\u00a0Cu\u1ed1i c\u00f9ng, sau khi Ng\u00e2n h\u00e0ng chuy\u1ec3n kho\u1ea3n ti\u1ec1n vay mua xe c\u1ee7a kh\u00e1ch v\u1ec1 \u0110\u1ea1i l\u00fd th\u00ec kh\u00e1ch h\u00e0ng m\u1edbi \u0111\u01b0\u1ee3c nh\u1eadn xe k\u00e8m theo m\u1ed9t b\u1ea3n gi\u1ea5y \u0111\u0103ng k\u00fd xe \u00f4 t\u00f4 sao y c\u00f3 gi\u00e1 tr\u1ecb t\u01b0\u01a1ng \u0111\u01b0\u01a1ng b\u1ea3n ch\u00ednh.<\/p>\n<h2><img loading=\"lazy\" decoding=\"async\" class=\"size-full wp-image-4846 lazy-load-active aligncenter\" src=\"https:\/\/mercedesbenz.hanoi.vn\/wp-content\/uploads\/2020\/07\/Quy-trigravenh-tr-goacutep_zpsbet3vfss1.jpg\" sizes=\"auto, (max-width: 629px) 100vw, 629px\" srcset=\"https:\/\/mercedesbenz.hanoi.vn\/wp-content\/uploads\/2020\/07\/Quy-trigravenh-tr-goacutep_zpsbet3vfss1.jpg 629w, https:\/\/mercedesbenz.hanoi.vn\/wp-content\/uploads\/2020\/07\/Quy-trigravenh-tr-goacutep_zpsbet3vfss1-500x286.jpg 500w\" alt=\"\" width=\"629\" height=\"360\" data-src=\"https:\/\/mercedesbenz.hanoi.vn\/wp-content\/uploads\/2020\/07\/Quy-trigravenh-tr-goacutep_zpsbet3vfss1.jpg\" data-srcset=\"https:\/\/mercedesbenz.hanoi.vn\/wp-content\/uploads\/2020\/07\/Quy-trigravenh-tr-goacutep_zpsbet3vfss1.jpg 629w, https:\/\/mercedesbenz.hanoi.vn\/wp-content\/uploads\/2020\/07\/Quy-trigravenh-tr-goacutep_zpsbet3vfss1-500x286.jpg 500w\" \/><\/h2>\n<h2><em><strong>\u0110\u1ed0I V\u1edaI KH\u00c1CH H\u00c0NG C\u00c1 NH\u00c2N<\/strong><\/em><\/h2>\n<h3>\u25ba<strong><em>\u00a0\u0110i\u1ec1u ki\u1ec7n cho c\u00e1 nh\u00e2n mua xe \u00f4 t\u00f4 tr\u1ea3 g\u00f3p<\/em><\/strong><\/h3>\n<p>\u2022 Kh\u00e1ch h\u00e0ng\u00a0c\u00e1 nh\u00e2n l\u00e0 c\u00f4ng d\u00e2n mang qu\u1ed1c t\u1ecbch Vi\u1ec7t Nam mua xe \u00f4 t\u00f4 tr\u1ea3 g\u00f3p\u00a0nh\u1eb1m m\u1ee5c \u0111\u00edch kinh doanh v\u00e0 \u0111i l\u1ea1i.<\/p>\n<p>\u2022 Kh\u00e1ch h\u00e0ng c\u00f3 \u0111\u1ed9 tu\u1ed5i t\u1eeb 20 \u0111\u1ebfn 60 ho\u1eb7c t\u1ea1i th\u1eddi \u0111i\u1ec3m t\u1ea5t to\u00e1n kho\u1ea3n vay ch\u01b0a qu\u00e1 65 tu\u1ed5i.<\/p>\n<p>\u2022 Thu nh\u1eadp: \u0111\u1ee7 kh\u1ea3 n\u0103ng tr\u1ea3 n\u1ee3, ch\u1ee9ng minh \u0111\u01b0\u1ee3c ngu\u1ed3n thu nh\u1eadp th\u1ef1c t\u1ebf, kh\u00f4ng kinh doanh c\u00e1c ng\u00e0nh ngh\u1ec1 nh\u1ea1y c\u1ea3m v\u00e0 tr\u00e1i v\u1edbi ph\u00e1p lu\u1eadt.<\/p>\n<p>\u2022 T\u00e0i s\u1ea3n \u0111\u1ea3m b\u1ea3o: kh\u00f4ng c\u1ea7n th\u1ebf ch\u1ea5p b\u1ea5t k\u1ef3 t\u00e0i s\u1ea3n n\u00e0o. T\u00e0i s\u1ea3n \u0111\u1ea3m b\u1ea3o ch\u00ednh l\u00e0 \u0111\u0103ng k\u00fd g\u1ed1c c\u1ee7a chi\u1ebfc xe \u00f4 t\u00f4\u00a0(ng\u00e2n h\u00e0ng s\u1ebd c\u1ea5p l\u1ea1i b\u1ea3n sao y \u0111\u0103ng k\u00fd g\u1ed1c xe cho kh\u00e1ch h\u00e0ng).<\/p>\n<h3><em><strong>\u25ba\u00a0Mua xe \u00f4 t\u00f4 tr\u1ea3 g\u00f3p c\u00e1 nh\u00e2n c\u1ea7n chu\u1ea9n b\u1ecb gi\u1ea5y t\u1edd g\u00ec ?<\/strong><\/em><\/h3>\n<p>\u2022\u00a0Gi\u1ea5y t\u1edd t\u00f9y th\u00e2n: B\u1ea3n\u00a0photo c\u00f4ng ch\u1ee9ng c\u1ee7a S\u1ed5 h\u1ed9 kh\u1ea9u,\u00a0CMND, Gi\u1ea5y \u0111\u0103ng k\u00fd\u00a0k\u1ebft h\u00f4n ho\u1eb7c ch\u1ee9ng nh\u1eadn \u0111\u1ed9c th\u00e2n c\u1ee7a x\u00e3 ph\u01b0\u1eddng n\u01a1i \u0111ang sinh s\u1ed1ng.<\/p>\n<p>\u2022\u00a0Gi\u1ea5y t\u1edd ch\u1ee9ng minh kh\u1ea3 n\u0103ng t\u00e0i ch\u00ednh (b\u1eb1ng m\u1ed9t trong c\u00e1c c\u00e1ch sau):<\/p>\n<p>+ Ch\u1ee9ng minh thu nh\u1eadp b\u1eb1ng: h\u1ee3p \u0111\u1ed3ng lao \u0111\u1ed9ng, b\u1ea3ng l\u01b0\u01a1ng, s\u1ed5 ti\u1ebft ki\u1ec7m, t\u00e0i kho\u1ea3n c\u00e1 nh\u00e2n.<\/p>\n<p>+ Ch\u1ee9ng m\u00ecnh b\u1eb1ng vi\u1ec7c\u00a0s\u1edf h\u1eefu t\u00e0i s\u1ea3n c\u00f3 gi\u00e1 tr\u1ecb nh\u01b0: nh\u00e0 c\u1eeda, \u0111\u1ea5t \u0111ai, c\u00e1c lo\u1ea1i \u00f4 t\u00f4, m\u00e1y m\u00f3c, d\u00e2y chuy\u1ec1n nh\u00e0 m\u00e1y, nh\u00e0 x\u01b0\u1edfng,\u2026<\/p>\n<p>+ Ho\u1eb7c h\u1ee3p \u0111\u1ed3ng cho thu\u00ea xe, thu\u00ea nh\u00e0, cho thu\u00ea x\u01b0\u1edfng, gi\u1ea5y g\u00f3p v\u1ed1n, c\u1ed5 ph\u1ea7n, c\u1ed5 phi\u1ebfu v\u00e0o m\u1ed9t c\u00f4ng ty n\u00e0o \u0111\u00f3, tr\u00e1i phi\u1ebfu\u2026<\/p>\n<p>+ N\u1ebfu c\u00e1 nh\u00e2n c\u00f3 c\u00f4ng ty ri\u00eang m\u00e0 thu nh\u1eadp ch\u1ee7 y\u1ebfu t\u1eeb c\u00f4ng ty th\u00ec th\u00eam: b\u00e1o c\u00e1o thu\u1ebf, b\u00e1o c\u00e1o t\u00e0i ch\u00ednh, b\u1ea3ng l\u01b0\u01a1ng, b\u1ea3ng chia l\u1ee3i nhu\u1eadn t\u1eeb c\u00f4ng ty. Gi\u1ea5y ph\u00e9p \u0111\u0103ng k\u00fd kinh doanh.<\/p>\n<p>+ Ho\u00e1 \u0111\u01a1n chi ph\u00ed c\u00e1 nh\u00e2n 3\u00a0th\u00e1ng g\u1ea7n nh\u1ea5t: h\u00f3a \u0111\u01a1n \u0111i\u1ec7n, n\u01b0\u1edbc, \u0111i\u1ec7n\u00a0tho\u1ea1i,\u2026<\/p>\n<p>\u2022 H\u1ee3p \u0111\u1ed3ng mua b\u00e1n xe \u00f4 t\u00f4 v\u1edbi b\u00ean \u0110\u1ea1i l\u00fd.<\/p>\n<p>\u2022\u00a0\u0110\u01a1n xin vay v\u1ed1n v\u00e0 ph\u01b0\u01a1ng \u00e1n tr\u1ea3 l\u00e3i (theo m\u1eabu c\u1ee7a b\u00ean cho vay).<\/p>\n<p><strong>Ch\u00fa \u00fd:<\/strong>\u00a0Trong tr\u01b0\u1eddng h\u1ee3p c\u00e1 nh\u00e2n mua kh\u00f4ng \u0111\u1ee7 \u0111i\u1ec1u ki\u1ec7n, c\u00f3 th\u1ec3 nh\u1edd ng\u01b0\u1eddi th\u00e2n c\u00f3 kh\u1ea3 n\u0103ng thu nh\u1eadp t\u1ed1t l\u00e0m gi\u1ea5y b\u1ea3o l\u00e3nh cho Ng\u00e2n h\u00e0ng th\u1ea9m \u0111\u1ecbnh.<\/p>\n<h2><em><strong>\u0110\u1ed0I V\u1edaI KH\u00c1CH H\u00c0NG L\u00c0 DOANH NGHI\u1ec6P<\/strong><\/em><\/h2>\n<h3>\u25ba\u00a0<em><strong>\u0110i\u1ec1u ki\u1ec7n cho doanh nghi\u1ec7p khi mua xe \u00f4 t\u00f4 tr\u1ea3 g\u00f3p<\/strong><\/em><\/h3>\n<p>\u2022 Kh\u00e1ch h\u00e0ng l\u00e0 doanh nghi\u1ec7p mua xe \u00f4 t\u00f4 tr\u1ea3 g\u00f3p\u00a0nh\u1eb1m m\u1ee5c \u0111\u00edch kinh doanh v\u1eadn t\u1ea3i v\u00e0 s\u1eed d\u1ee5ng \u0111i l\u1ea1i.<\/p>\n<p>\u2022 Doanh nghi\u1ec7p c\u00f3 gi\u1ea5y ph\u00e9p kinh doanh kh\u00f4ng li\u00ean quan \u0111\u1ebfn c\u00e1c ng\u00e0nh ngh\u1ec1 nh\u1ea1y c\u1ea3m.<\/p>\n<p>\u2022 Doanh nghi\u1ec7p \u0111\u00e3 ho\u1ea1t \u0111\u1ed9ng tr\u00ean 1 n\u0103m ho\u1eb7c c\u00f3 b\u00e1o c\u00e1o t\u00e0i ch\u00ednh c\u00f4ng ty n\u0103m g\u1ea7n nh\u1ea5t.<\/p>\n<p>\u2022 T\u00e0i s\u1ea3n \u0111\u1ea3m b\u1ea3o: kh\u00f4ng ph\u1ea3i th\u1ebf ch\u1ea5p b\u1ea5t k\u1ef3 t\u00e0i s\u1ea3n n\u00e0o c\u1ee7a c\u00f4ng ty.\u00a0T\u00e0i s\u1ea3n \u0111\u1ea3m b\u1ea3o ch\u00ednh l\u00e0 \u0111\u0103ng k\u00fd g\u1ed1c c\u1ee7a chi\u1ebfc xe\u00a0(ng\u00e2n h\u00e0ng s\u1ebd c\u1ea5p l\u1ea1i b\u1ea3n sao y \u0111\u0103ng k\u00fd g\u1ed1c xe cho c\u00f4ng ty).<\/p>\n<h3><em><strong>\u25ba\u00a0Mua xe \u00f4 t\u00f4 tr\u1ea3 g\u00f3p doanh nghi\u1ec7p c\u1ea7n chu\u1ea9n b\u1ecb h\u1ed3 s\u01a1 g\u00ec ?<\/strong><\/em><\/h3>\n<p>\u2022 Gi\u1ea5y ph\u00e9p kinh doanh (b\u1ea3n sao y).<\/p>\n<p>\u2022\u00a0Gi\u1ea5y b\u1ed5 nhi\u1ec7m Gi\u00e1m \u0111\u1ed1c, b\u1ed5 nhi\u1ec7m k\u1ebf to\u00e1n tr\u01b0\u1edfng.<\/p>\n<p>\u2022\u00a0Gi\u1ea5y \u0111\u0103ng k\u00fd s\u1eed d\u1ee5ng m\u1eabu d\u1ea5u (b\u1ea3n copy).<\/p>\n<p>\u2022\u00a0M\u00e3 s\u1ed1 thu\u1ebf.<\/p>\n<p>\u2022\u00a0B\u00e1o c\u00e1o thu\u1ebf 01 n\u0103m g\u1ea7n nh\u1ea5t.<\/p>\n<p>\u2022\u00a0B\u00e1o c\u00e1o ho\u00e1 \u0111\u01a1n VAT 01 n\u0103m g\u1ea7n nh\u1ea5t.<\/p>\n<p>\u2022\u00a0\u0110i\u1ec1u l\u1ec7 c\u00f4ng ty ho\u1eb7c h\u1ed3 s\u01a1 n\u0103ng l\u1ef1c c\u00f4ng ty.<\/p>\n<p>\u2022\u00a0Bi\u00ean b\u1ea3n h\u1ecdp c\u1ee7a h\u1ed9i \u0111\u1ed3ng qu\u1ea3n tr\u1ecb.<\/p>\n<p>\u2022\u00a0H\u1ee3p \u0111\u1ed3ng kinh t\u1ebf \u0111\u1ea7u ra, \u0111\u1ea7u v\u00e0o.<\/p>\n<p>\u2022\u00a0Gi\u1ea5y s\u1edf h\u1eefu c\u01a1 s\u1edf v\u1eadt ch\u1ea5t: nh\u00e0 m\u00e1y, d\u00e2y chuy\u1ec1n, m\u00e1y m\u00f3c, thi\u1ebft b\u1ecb, nh\u00e0 x\u01b0\u1edfng, \u00f4t\u00f4 kh\u00e1c.<\/p>\n<p>\u2022 H\u1ee3p \u0111\u1ed3ng mua b\u00e1n xe v\u1edbi b\u00ean \u0110\u1ea1i l\u00fd.<\/p>\n<p>\u2022\u00a0\u0110\u01a1n xin vay v\u1ed1n v\u00e0 ph\u01b0\u01a1ng \u00e1n tr\u1ea3 l\u00e3i theo m\u1eabu c\u1ee7a ng\u00e2n h\u00e0ng.<\/p>\n<p><strong><em>L\u01b0u \u00fd h\u1ed7 tr\u1ee3 c\u1ef1c l\u1edbn:<\/em><\/strong><\/p>\n<p><em>D\u00f9 b\u1ea1n l\u00e0 C\u00e1 Nh\u00e2n hay Doanh Nghi\u1ec7p.<\/em><\/p>\n<p><em>D\u00f9 b\u1ea1n kh\u00f4ng chu\u1ea9n b\u1ecb \u0111\u01b0\u1ee3c \u0111\u1ea7y \u0111\u1ee7 gi\u1ea5y t\u1edd, h\u1ed3 s\u01a1 c\u1ea7n thi\u1ebft.<\/em><\/p>\n<p><em>D\u00f9 b\u1ea1n kh\u00f4ng th\u1ec3 ch\u1ee9ng minh \u0111\u01b0\u1ee3c thu nh\u1eadp.<\/em><\/p>\n<p><em>D\u00f9 Doanh Nghi\u1ec7p c\u1ee7a b\u1ea1n m\u1edbi th\u00e0nh l\u1eadp \u0111\u01b0\u1ee3c m\u1ed9t v\u00e0i th\u00e1ng.<\/em><\/p>\n<p><em>D\u00f9 b\u1ea1n \u0111ang c\u00f3 n\u1ee3 x\u1ea5u.<\/em><\/p>\n<p><strong><em>QU\u00dd KH\u00c1CH H\u00c0NG CH\u1ec8 VI\u1ec6C CH\u1eccN XE, M\u1eccI TH\u1ee6 T\u1ee4C C\u00d2N L\u1ea0I H\u00c3Y \u0110\u1ec2\u00a0<\/em><\/strong><strong><em>CH\u00daNG T\u00d4I \u0110\u01af\u1ee2C PH\u1ee4C V\u1ee4!<\/em><\/strong><\/p>\n<p><em><strong>T\u1eacN T\u00c2M T\u1eea NH\u1eeeNG \u0110I\u1ec0U NH\u1ece NH\u1ea4T!!!<\/strong><\/em><\/p>\n","protected":false},"excerpt":{"rendered":"<p>G\u1ecdi ngay \u0111\u1ec3 \u0111\u01b0\u1ee3c t\u01b0 v\u1ea5n tr\u1ef1c ti\u1ebfp: Th\u1ef1c ch\u1ea5t c\u1ee7a vi\u1ec7c mua xe \u00f4 t\u00f4 tr\u1ea3 g\u00f3p l\u00e0 tr\u1ea3 tr\u01b0\u1edbc m\u1ed9t ph\u1ea7n ti\u1ec1n mua xe, ph\u1ea7n c\u00f2n thi\u1ebfu s\u1ebd vay ng\u00e2n h\u00e0ng, r\u1ed3i h\u00e0ng th\u00e1ng tr\u1ea3 d\u1ea7n cho ng\u00e2n h\u00e0ng c\u1ea3 g\u1ed1c v\u00e0 l\u00e3i theo phu\u01a1ng th\u1ee9c tr\u1eeb l\u00f9i cu\u1ed1n chi\u1ebfu cho \u0111\u1ebfn h\u1ebft [&#8230;]\n","protected":false},"author":1,"featured_media":0,"parent":0,"menu_order":0,"comment_status":"closed","ping_status":"closed","template":"","meta":{"footnotes":""},"class_list":["post-20","page","type-page","status-publish","hentry"],"_links":{"self":[{"href":"https:\/\/omodajaecoonamdinh.com.vn\/index.php\/wp-json\/wp\/v2\/pages\/20","targetHints":{"allow":["GET"]}}],"collection":[{"href":"https:\/\/omodajaecoonamdinh.com.vn\/index.php\/wp-json\/wp\/v2\/pages"}],"about":[{"href":"https:\/\/omodajaecoonamdinh.com.vn\/index.php\/wp-json\/wp\/v2\/types\/page"}],"author":[{"embeddable":true,"href":"https:\/\/omodajaecoonamdinh.com.vn\/index.php\/wp-json\/wp\/v2\/users\/1"}],"replies":[{"embeddable":true,"href":"https:\/\/omodajaecoonamdinh.com.vn\/index.php\/wp-json\/wp\/v2\/comments?post=20"}],"version-history":[{"count":4,"href":"https:\/\/omodajaecoonamdinh.com.vn\/index.php\/wp-json\/wp\/v2\/pages\/20\/revisions"}],"predecessor-version":[{"id":183,"href":"https:\/\/omodajaecoonamdinh.com.vn\/index.php\/wp-json\/wp\/v2\/pages\/20\/revisions\/183"}],"wp:attachment":[{"href":"https:\/\/omodajaecoonamdinh.com.vn\/index.php\/wp-json\/wp\/v2\/media?parent=20"}],"curies":[{"name":"wp","href":"https:\/\/api.w.org\/{rel}","templated":true}]}}